{"id":101,"date":"2016-04-21T10:27:45","date_gmt":"2016-04-21T07:27:45","guid":{"rendered":"http:\/\/goccina.com.tr\/?page_id=101"},"modified":"2016-06-04T11:45:24","modified_gmt":"2016-06-04T08:45:24","slug":"mobilya-tasarim","status":"publish","type":"page","link":"https:\/\/goccina.com.tr\/?page_id=101","title":{"rendered":"PROJE UYGULAMA"},"content":{"rendered":"<p>Goccina, sizlerin alm\u0131\u015f oldu\u011fu proje \u00e7izim hizmetini, b\u00fcnyesinde bulunan geni\u015f \u00fcr\u00fcn gam\u0131 sayesinde kaliteli ve sorunsuz halde uygulamaktad\u0131r; bununla birlikte, Goccina\u2019dan ba\u011f\u0131ms\u0131z olarak alm\u0131\u015f oldu\u011funuz proje \u00e7izim hizmetindeyse yine hizmet kapsam\u0131nda yer alan \u00fcr\u00fcnleri sizlere temin etmekte; stoku bulunmayan \u00fcr\u00fcnleri sizler i\u00e7in \u00f6zel olarak \u00fcretmektedir.<\/p>\n<hr \/>\n<p>S\u00f6z konusu \u00fcretim faaliyeti i\u00e7erisinde,<\/p>\n<p>&nbsp;<\/p>\n<p><strong>&#8211; Mobilya<\/strong><\/p>\n<p>&nbsp;<\/p>\n<ul>\n<li>Mutfak<\/li>\n<li>Banyo Dolaplar\u0131<\/li>\n<\/ul>\n<p>&nbsp;<\/p>\n<p><strong>&#8211; Tekstil*<\/strong><\/p>\n<p>&nbsp;<\/p>\n<ul>\n<li><\/li>\n<li><\/li>\n<li>Perde<\/li>\n<li>T\u00fcl<\/li>\n<li>D\u00f6\u015femelik<\/li>\n<\/ul>\n<p>&nbsp;<\/p>\n<p>yer almaktad\u0131r.<\/p>\n<p>&nbsp;<\/p>\n<p>*\u00dcretim miktar\u0131 en az 300 metre olmal\u0131d\u0131r.<\/p>\n<hr \/>\n\n\t\t<div id='gallery-1' class='gallery galleryid-101 gallery-columns-3 gallery-size-medium'><dl class='gallery-item'>\n\t\t\t\t\t<dt class='gallery-icon'>\n\t\t\t\t\t\t<a rel=\"prettyPhoto[gallery101]\"  href='https:\/\/goccina.com.tr\/wp-content\/uploads\/18.jpg'><img loading=\"lazy\" decoding=\"async\" width=\"300\" height=\"200\" src=\"https:\/\/goccina.com.tr\/wp-content\/uploads\/18-300x200.jpg\" class=\"attachment-medium size-medium\" alt=\"\" srcset=\"https:\/\/goccina.com.tr\/wp-content\/uploads\/18-300x200.jpg 300w, https:\/\/goccina.com.tr\/wp-content\/uploads\/18-768x512.jpg 768w, https:\/\/goccina.com.tr\/wp-content\/uploads\/18-1024x683.jpg 1024w, https:\/\/goccina.com.tr\/wp-content\/uploads\/18.jpg 1200w\" sizes=\"auto, (max-width: 300px) 100vw, 300px\" \/><\/a>\n\t\t\t\t\t<\/dt><\/dl><dl class='gallery-item'>\n\t\t\t\t\t<dt class='gallery-icon'>\n\t\t\t\t\t\t<a rel=\"prettyPhoto[gallery101]\"  href='https:\/\/goccina.com.tr\/wp-content\/uploads\/17.jpg'><img loading=\"lazy\" decoding=\"async\" width=\"300\" height=\"200\" src=\"https:\/\/goccina.com.tr\/wp-content\/uploads\/17-300x200.jpg\" class=\"attachment-medium size-medium\" alt=\"\" srcset=\"https:\/\/goccina.com.tr\/wp-content\/uploads\/17-300x200.jpg 300w, https:\/\/goccina.com.tr\/wp-content\/uploads\/17-768x512.jpg 768w, https:\/\/goccina.com.tr\/wp-content\/uploads\/17-1024x683.jpg 1024w, https:\/\/goccina.com.tr\/wp-content\/uploads\/17.jpg 1200w\" sizes=\"auto, (max-width: 300px) 100vw, 300px\" \/><\/a>\n\t\t\t\t\t<\/dt><\/dl><dl class='gallery-item'>\n\t\t\t\t\t<dt class='gallery-icon'>\n\t\t\t\t\t\t<a rel=\"prettyPhoto[gallery101]\"  href='https:\/\/goccina.com.tr\/wp-content\/uploads\/14.jpg'><img loading=\"lazy\" decoding=\"async\" width=\"300\" height=\"169\" src=\"https:\/\/goccina.com.tr\/wp-content\/uploads\/14-300x169.jpg\" class=\"attachment-medium size-medium\" alt=\"\" srcset=\"https:\/\/goccina.com.tr\/wp-content\/uploads\/14-300x169.jpg 300w, https:\/\/goccina.com.tr\/wp-content\/uploads\/14-768x432.jpg 768w, https:\/\/goccina.com.tr\/wp-content\/uploads\/14-1024x576.jpg 1024w, https:\/\/goccina.com.tr\/wp-content\/uploads\/14.jpg 1200w\" sizes=\"auto, (max-width: 300px) 100vw, 300px\" \/><\/a>\n\t\t\t\t\t<\/dt><\/dl><br style=\"clear: both\" \/><dl class='gallery-item'>\n\t\t\t\t\t<dt class='gallery-icon'>\n\t\t\t\t\t\t<a rel=\"prettyPhoto[gallery101]\"  href='https:\/\/goccina.com.tr\/wp-content\/uploads\/13.jpg'><img loading=\"lazy\" decoding=\"async\" width=\"300\" height=\"169\" src=\"https:\/\/goccina.com.tr\/wp-content\/uploads\/13-300x169.jpg\" class=\"attachment-medium size-medium\" alt=\"\" srcset=\"https:\/\/goccina.com.tr\/wp-content\/uploads\/13-300x169.jpg 300w, https:\/\/goccina.com.tr\/wp-content\/uploads\/13-768x432.jpg 768w, https:\/\/goccina.com.tr\/wp-content\/uploads\/13-1024x576.jpg 1024w, https:\/\/goccina.com.tr\/wp-content\/uploads\/13.jpg 1200w\" sizes=\"auto, (max-width: 300px) 100vw, 300px\" \/><\/a>\n\t\t\t\t\t<\/dt><\/dl><dl class='gallery-item'>\n\t\t\t\t\t<dt class='gallery-icon'>\n\t\t\t\t\t\t<a rel=\"prettyPhoto[gallery101]\"  href='https:\/\/goccina.com.tr\/wp-content\/uploads\/10-1.jpg'><img loading=\"lazy\" decoding=\"async\" width=\"200\" height=\"300\" src=\"https:\/\/goccina.com.tr\/wp-content\/uploads\/10-1-200x300.jpg\" class=\"attachment-medium size-medium\" alt=\"\" srcset=\"https:\/\/goccina.com.tr\/wp-content\/uploads\/10-1-200x300.jpg 200w, https:\/\/goccina.com.tr\/wp-content\/uploads\/10-1-768x1152.jpg 768w, https:\/\/goccina.com.tr\/wp-content\/uploads\/10-1-683x1024.jpg 683w, https:\/\/goccina.com.tr\/wp-content\/uploads\/10-1.jpg 800w\" sizes=\"auto, (max-width: 200px) 100vw, 200px\" \/><\/a>\n\t\t\t\t\t<\/dt><\/dl><dl class='gallery-item'>\n\t\t\t\t\t<dt class='gallery-icon'>\n\t\t\t\t\t\t<a rel=\"prettyPhoto[gallery101]\"  href='https:\/\/goccina.com.tr\/wp-content\/uploads\/9-1.jpg'><img loading=\"lazy\" decoding=\"async\" width=\"300\" height=\"200\" src=\"https:\/\/goccina.com.tr\/wp-content\/uploads\/9-1-300x200.jpg\" class=\"attachment-medium size-medium\" alt=\"\" srcset=\"https:\/\/goccina.com.tr\/wp-content\/uploads\/9-1-300x200.jpg 300w, https:\/\/goccina.com.tr\/wp-content\/uploads\/9-1-768x512.jpg 768w, https:\/\/goccina.com.tr\/wp-content\/uploads\/9-1-1024x683.jpg 1024w, https:\/\/goccina.com.tr\/wp-content\/uploads\/9-1.jpg 1200w\" sizes=\"auto, (max-width: 300px) 100vw, 300px\" \/><\/a>\n\t\t\t\t\t<\/dt><\/dl><br style=\"clear: both\" \/><dl class='gallery-item'>\n\t\t\t\t\t<dt class='gallery-icon'>\n\t\t\t\t\t\t<a rel=\"prettyPhoto[gallery101]\"  href='https:\/\/goccina.com.tr\/wp-content\/uploads\/8-2.jpg'><img loading=\"lazy\" decoding=\"async\" width=\"300\" height=\"200\" src=\"https:\/\/goccina.com.tr\/wp-content\/uploads\/8-2-300x200.jpg\" class=\"attachment-medium size-medium\" alt=\"\" srcset=\"https:\/\/goccina.com.tr\/wp-content\/uploads\/8-2-300x200.jpg 300w, https:\/\/goccina.com.tr\/wp-content\/uploads\/8-2-768x512.jpg 768w, https:\/\/goccina.com.tr\/wp-content\/uploads\/8-2-1024x683.jpg 1024w, https:\/\/goccina.com.tr\/wp-content\/uploads\/8-2.jpg 1200w\" sizes=\"auto, (max-width: 300px) 100vw, 300px\" \/><\/a>\n\t\t\t\t\t<\/dt><\/dl><dl class='gallery-item'>\n\t\t\t\t\t<dt class='gallery-icon'>\n\t\t\t\t\t\t<a rel=\"prettyPhoto[gallery101]\"  href='https:\/\/goccina.com.tr\/wp-content\/uploads\/7-1.jpg'><img loading=\"lazy\" decoding=\"async\" width=\"300\" height=\"200\" src=\"https:\/\/goccina.com.tr\/wp-content\/uploads\/7-1-300x200.jpg\" class=\"attachment-medium size-medium\" alt=\"\" srcset=\"https:\/\/goccina.com.tr\/wp-content\/uploads\/7-1-300x200.jpg 300w, https:\/\/goccina.com.tr\/wp-content\/uploads\/7-1-768x512.jpg 768w, https:\/\/goccina.com.tr\/wp-content\/uploads\/7-1-1024x683.jpg 1024w, https:\/\/goccina.com.tr\/wp-content\/uploads\/7-1.jpg 1200w\" sizes=\"auto, (max-width: 300px) 100vw, 300px\" \/><\/a>\n\t\t\t\t\t<\/dt><\/dl><dl class='gallery-item'>\n\t\t\t\t\t<dt class='gallery-icon'>\n\t\t\t\t\t\t<a rel=\"prettyPhoto[gallery101]\"  href='https:\/\/goccina.com.tr\/wp-content\/uploads\/2-2.jpg'><img loading=\"lazy\" decoding=\"async\" width=\"300\" height=\"169\" src=\"https:\/\/goccina.com.tr\/wp-content\/uploads\/2-2-300x169.jpg\" class=\"attachment-medium size-medium\" alt=\"\" srcset=\"https:\/\/goccina.com.tr\/wp-content\/uploads\/2-2-300x169.jpg 300w, https:\/\/goccina.com.tr\/wp-content\/uploads\/2-2-768x432.jpg 768w, https:\/\/goccina.com.tr\/wp-content\/uploads\/2-2-1024x576.jpg 1024w, https:\/\/goccina.com.tr\/wp-content\/uploads\/2-2.jpg 1200w\" sizes=\"auto, (max-width: 300px) 100vw, 300px\" \/><\/a>\n\t\t\t\t\t<\/dt><\/dl><br style=\"clear: both\" \/>\n\t\t\t\t\t<br style='clear: both;' \/>\n\t\t\t\t<\/div>\n\n<p>&nbsp;<\/p>\n<p>&nbsp;<\/p>\n","protected":false},"excerpt":{"rendered":"<p>Goccina, sizlerin alm\u0131\u015f oldu\u011fu proje \u00e7izim hizmetini, b\u00fcnyesinde bulunan geni\u015f \u00fcr\u00fcn gam\u0131 sayesinde kaliteli ve sorunsuz halde uygulamaktad\u0131r; bununla birlikte, Goccina\u2019dan ba\u011f\u0131ms\u0131z olarak alm\u0131\u015f oldu\u011funuz proje \u00e7izim hizmetindeyse yine hizmet kapsam\u0131nda yer alan \u00fcr\u00fcnleri sizlere temin etmekte; stoku bulunmayan \u00fcr\u00fcnleri sizler i\u00e7in \u00f6zel olarak \u00fcretmektedir. S\u00f6z konusu \u00fcretim faaliyeti i\u00e7erisinde, &nbsp; &#8211; Mobilya &nbsp; Mutfak [&hellip;]<\/p>\n","protected":false},"author":1,"featured_media":0,"parent":0,"menu_order":0,"comment_status":"closed","ping_status":"closed","template":"","meta":{"footnotes":""},"class_list":["post-101","page","type-page","status-publish","hentry"],"_links":{"self":[{"href":"https:\/\/goccina.com.tr\/index.php?rest_route=\/wp\/v2\/pages\/101","targetHints":{"allow":["GET"]}}],"collection":[{"href":"https:\/\/goccina.com.tr\/index.php?rest_route=\/wp\/v2\/pages"}],"about":[{"href":"https:\/\/goccina.com.tr\/index.php?rest_route=\/wp\/v2\/types\/page"}],"author":[{"embeddable":true,"href":"https:\/\/goccina.com.tr\/index.php?rest_route=\/wp\/v2\/users\/1"}],"replies":[{"embeddable":true,"href":"https:\/\/goccina.com.tr\/index.php?rest_route=%2Fwp%2Fv2%2Fcomments&post=101"}],"version-history":[{"count":22,"href":"https:\/\/goccina.com.tr\/index.php?rest_route=\/wp\/v2\/pages\/101\/revisions"}],"predecessor-version":[{"id":549,"href":"https:\/\/goccina.com.tr\/index.php?rest_route=\/wp\/v2\/pages\/101\/revisions\/549"}],"wp:attachment":[{"href":"https:\/\/goccina.com.tr\/index.php?rest_route=%2Fwp%2Fv2%2Fmedia&parent=101"}],"curies":[{"name":"wp","href":"https:\/\/api.w.org\/{rel}","templated":true}]}}