{"id":114,"date":"2016-04-21T10:29:16","date_gmt":"2016-04-21T07:29:16","guid":{"rendered":"http:\/\/goccina.com.tr\/?page_id=114"},"modified":"2016-05-31T08:35:26","modified_gmt":"2016-05-31T05:35:26","slug":"tul","status":"publish","type":"page","link":"https:\/\/goccina.com.tr\/?page_id=114","title":{"rendered":"T\u00fcl"},"content":{"rendered":"<p>\u00d6nemle belirtilmelidir ki, Goccina, 2006 y\u0131l\u0131ndan bu yana yakla\u015f\u0131k 7.000 m\u00fc\u015fterinin mekan\u0131na arzu edilen \u015fekilde perde tasar\u0131m\u0131 yaparak hizmet vermi\u015f; halihaz\u0131rda hizmet vermeye devam etmektedir.<\/p>\n<hr \/>\n<p>Unutulmamal\u0131d\u0131r ki, mekanlar\u0131n\u0131zda bulunan perdeler, sizlerin ki\u015fili\u011fini; hayata bak\u0131\u015f a\u00e7\u0131n\u0131z\u0131 yans\u0131tmaktad\u0131r. Bu nedenle, Goccina, m\u00fc\u015fterilerinin evlerini b\u00fct\u00fcnleyen g\u00fczellikle hayatlar\u0131n\u0131n her a\u015famas\u0131nda yer almaktad\u0131r.<\/p>\n<hr \/>\n\n\t\t<div id='gallery-1' class='gallery galleryid-114 gallery-columns-2 gallery-size-large'><dl class='gallery-item'>\n\t\t\t\t\t<dt class='gallery-icon'>\n\t\t\t\t\t\t<a rel=\"prettyPhoto[gallery114]\"  href='https:\/\/goccina.com.tr\/wp-content\/uploads\/5-2.jpg'><img loading=\"lazy\" decoding=\"async\" width=\"980\" height=\"654\" src=\"https:\/\/goccina.com.tr\/wp-content\/uploads\/5-2-1024x683.jpg\" class=\"attachment-large size-large\" alt=\"\" srcset=\"https:\/\/goccina.com.tr\/wp-content\/uploads\/5-2-1024x683.jpg 1024w, https:\/\/goccina.com.tr\/wp-content\/uploads\/5-2-300x200.jpg 300w, https:\/\/goccina.com.tr\/wp-content\/uploads\/5-2-768x512.jpg 768w, https:\/\/goccina.com.tr\/wp-content\/uploads\/5-2.jpg 1200w\" sizes=\"auto, (max-width: 980px) 100vw, 980px\" \/><\/a>\n\t\t\t\t\t<\/dt><\/dl><dl class='gallery-item'>\n\t\t\t\t\t<dt class='gallery-icon'>\n\t\t\t\t\t\t<a rel=\"prettyPhoto[gallery114]\"  href='https:\/\/goccina.com.tr\/wp-content\/uploads\/4-2.jpg'><img loading=\"lazy\" decoding=\"async\" width=\"980\" height=\"655\" src=\"https:\/\/goccina.com.tr\/wp-content\/uploads\/4-2-1024x684.jpg\" class=\"attachment-large size-large\" alt=\"\" srcset=\"https:\/\/goccina.com.tr\/wp-content\/uploads\/4-2-1024x684.jpg 1024w, https:\/\/goccina.com.tr\/wp-content\/uploads\/4-2-300x200.jpg 300w, https:\/\/goccina.com.tr\/wp-content\/uploads\/4-2-768x513.jpg 768w, https:\/\/goccina.com.tr\/wp-content\/uploads\/4-2.jpg 1200w\" sizes=\"auto, (max-width: 980px) 100vw, 980px\" \/><\/a>\n\t\t\t\t\t<\/dt><\/dl><br style=\"clear: both\" \/><dl class='gallery-item'>\n\t\t\t\t\t<dt class='gallery-icon'>\n\t\t\t\t\t\t<a rel=\"prettyPhoto[gallery114]\"  href='https:\/\/goccina.com.tr\/wp-content\/uploads\/3-1.jpg'><img loading=\"lazy\" decoding=\"async\" width=\"684\" height=\"1024\" src=\"https:\/\/goccina.com.tr\/wp-content\/uploads\/3-1-684x1024.jpg\" class=\"attachment-large size-large\" alt=\"\" srcset=\"https:\/\/goccina.com.tr\/wp-content\/uploads\/3-1-684x1024.jpg 684w, https:\/\/goccina.com.tr\/wp-content\/uploads\/3-1-200x300.jpg 200w, https:\/\/goccina.com.tr\/wp-content\/uploads\/3-1-768x1151.jpg 768w, https:\/\/goccina.com.tr\/wp-content\/uploads\/3-1.jpg 801w\" sizes=\"auto, (max-width: 684px) 100vw, 684px\" \/><\/a>\n\t\t\t\t\t<\/dt><\/dl><dl class='gallery-item'>\n\t\t\t\t\t<dt class='gallery-icon'>\n\t\t\t\t\t\t<a rel=\"prettyPhoto[gallery114]\"  href='https:\/\/goccina.com.tr\/wp-content\/uploads\/2-3.jpg'><img loading=\"lazy\" decoding=\"async\" width=\"980\" height=\"655\" src=\"https:\/\/goccina.com.tr\/wp-content\/uploads\/2-3-1024x684.jpg\" class=\"attachment-large size-large\" alt=\"\" srcset=\"https:\/\/goccina.com.tr\/wp-content\/uploads\/2-3-1024x684.jpg 1024w, https:\/\/goccina.com.tr\/wp-content\/uploads\/2-3-300x200.jpg 300w, https:\/\/goccina.com.tr\/wp-content\/uploads\/2-3-768x513.jpg 768w, https:\/\/goccina.com.tr\/wp-content\/uploads\/2-3.jpg 1200w\" sizes=\"auto, (max-width: 980px) 100vw, 980px\" \/><\/a>\n\t\t\t\t\t<\/dt><\/dl><br style=\"clear: both\" \/><dl class='gallery-item'>\n\t\t\t\t\t<dt class='gallery-icon'>\n\t\t\t\t\t\t<a rel=\"prettyPhoto[gallery114]\"  href='https:\/\/goccina.com.tr\/wp-content\/uploads\/1-3.jpg'><img loading=\"lazy\" decoding=\"async\" width=\"684\" height=\"1024\" src=\"https:\/\/goccina.com.tr\/wp-content\/uploads\/1-3-684x1024.jpg\" class=\"attachment-large size-large\" alt=\"\" srcset=\"https:\/\/goccina.com.tr\/wp-content\/uploads\/1-3-684x1024.jpg 684w, https:\/\/goccina.com.tr\/wp-content\/uploads\/1-3-200x300.jpg 200w, https:\/\/goccina.com.tr\/wp-content\/uploads\/1-3-768x1151.jpg 768w, https:\/\/goccina.com.tr\/wp-content\/uploads\/1-3.jpg 801w\" sizes=\"auto, (max-width: 684px) 100vw, 684px\" \/><\/a>\n\t\t\t\t\t<\/dt><\/dl>\n\t\t\t\t\t<br style='clear: both;' \/>\n\t\t\t\t<\/div>\n\n","protected":false},"excerpt":{"rendered":"<p>\u00d6nemle belirtilmelidir ki, Goccina, 2006 y\u0131l\u0131ndan bu yana yakla\u015f\u0131k 7.000 m\u00fc\u015fterinin mekan\u0131na arzu edilen \u015fekilde perde tasar\u0131m\u0131 yaparak hizmet vermi\u015f; halihaz\u0131rda hizmet vermeye devam etmektedir. Unutulmamal\u0131d\u0131r ki, mekanlar\u0131n\u0131zda bulunan perdeler, sizlerin ki\u015fili\u011fini; hayata bak\u0131\u015f a\u00e7\u0131n\u0131z\u0131 yans\u0131tmaktad\u0131r. Bu nedenle, Goccina, m\u00fc\u015fterilerinin evlerini b\u00fct\u00fcnleyen g\u00fczellikle hayatlar\u0131n\u0131n her a\u015famas\u0131nda yer almaktad\u0131r.<\/p>\n","protected":false},"author":1,"featured_media":0,"parent":0,"menu_order":0,"comment_status":"closed","ping_status":"closed","template":"","meta":{"footnotes":""},"class_list":["post-114","page","type-page","status-publish","hentry"],"_links":{"self":[{"href":"https:\/\/goccina.com.tr\/index.php?rest_route=\/wp\/v2\/pages\/114","targetHints":{"allow":["GET"]}}],"collection":[{"href":"https:\/\/goccina.com.tr\/index.php?rest_route=\/wp\/v2\/pages"}],"about":[{"href":"https:\/\/goccina.com.tr\/index.php?rest_route=\/wp\/v2\/types\/page"}],"author":[{"embeddable":true,"href":"https:\/\/goccina.com.tr\/index.php?rest_route=\/wp\/v2\/users\/1"}],"replies":[{"embeddable":true,"href":"https:\/\/goccina.com.tr\/index.php?rest_route=%2Fwp%2Fv2%2Fcomments&post=114"}],"version-history":[{"count":4,"href":"https:\/\/goccina.com.tr\/index.php?rest_route=\/wp\/v2\/pages\/114\/revisions"}],"predecessor-version":[{"id":527,"href":"https:\/\/goccina.com.tr\/index.php?rest_route=\/wp\/v2\/pages\/114\/revisions\/527"}],"wp:attachment":[{"href":"https:\/\/goccina.com.tr\/index.php?rest_route=%2Fwp%2Fv2%2Fmedia&parent=114"}],"curies":[{"name":"wp","href":"https:\/\/api.w.org\/{rel}","templated":true}]}}