{"id":160,"date":"2016-04-21T10:40:25","date_gmt":"2016-04-21T07:40:25","guid":{"rendered":"http:\/\/goccina.com.tr\/?page_id=160"},"modified":"2022-05-29T17:19:43","modified_gmt":"2022-05-29T14:19:43","slug":"bize-ulasin","status":"publish","type":"page","link":"https:\/\/goccina.com.tr\/?page_id=160","title":{"rendered":"Bize Ula\u015f\u0131n"},"content":{"rendered":"<table style=\"height: 582px;\" border=\"1\" width=\"707\">\n<tbody>\n<tr>\n<td>\n<p align=\"center\"><b>Merkez<\/b><\/p>\n<p align=\"center\">Adres : Alacaatl\u0131 Mah. Ye\u015filbar\u0131\u015f<br \/>\nKonaklar\u0131 No:99<br \/>\n\u00c7ankaya &#8211; ANKARA<br \/>\nTel : +90 532 445 41 27<br \/>\nEmail : info@goccina.com.tr<\/p>\n<p align=\"center\">\n<\/td>\n<\/tr>\n<\/tbody>\n<\/table>\n","protected":false},"excerpt":{"rendered":"<p>Merkez Adres : Alacaatl\u0131 Mah. Ye\u015filbar\u0131\u015f Konaklar\u0131 No:99 \u00c7ankaya &#8211; ANKARA Tel : +90 532 445 41 27 Email : info@goccina.com.tr<\/p>\n","protected":false},"author":1,"featured_media":0,"parent":0,"menu_order":0,"comment_status":"closed","ping_status":"closed","template":"","meta":{"footnotes":""},"class_list":["post-160","page","type-page","status-publish","hentry"],"_links":{"self":[{"href":"https:\/\/goccina.com.tr\/index.php?rest_route=\/wp\/v2\/pages\/160","targetHints":{"allow":["GET"]}}],"collection":[{"href":"https:\/\/goccina.com.tr\/index.php?rest_route=\/wp\/v2\/pages"}],"about":[{"href":"https:\/\/goccina.com.tr\/index.php?rest_route=\/wp\/v2\/types\/page"}],"author":[{"embeddable":true,"href":"https:\/\/goccina.com.tr\/index.php?rest_route=\/wp\/v2\/users\/1"}],"replies":[{"embeddable":true,"href":"https:\/\/goccina.com.tr\/index.php?rest_route=%2Fwp%2Fv2%2Fcomments&post=160"}],"version-history":[{"count":11,"href":"https:\/\/goccina.com.tr\/index.php?rest_route=\/wp\/v2\/pages\/160\/revisions"}],"predecessor-version":[{"id":555,"href":"https:\/\/goccina.com.tr\/index.php?rest_route=\/wp\/v2\/pages\/160\/revisions\/555"}],"wp:attachment":[{"href":"https:\/\/goccina.com.tr\/index.php?rest_route=%2Fwp%2Fv2%2Fmedia&parent=160"}],"curies":[{"name":"wp","href":"https:\/\/api.w.org\/{rel}","templated":true}]}}