{"id":20,"date":"2016-04-21T09:52:58","date_gmt":"2016-04-21T06:52:58","guid":{"rendered":"http:\/\/goccina.com.tr\/?page_id=20"},"modified":"2016-06-01T07:12:40","modified_gmt":"2016-06-01T04:12:40","slug":"aksesuar","status":"publish","type":"page","link":"https:\/\/goccina.com.tr\/?page_id=20","title":{"rendered":"Aksesuar"},"content":{"rendered":"<p>Goccina, arzu etti\u011finiz mekana ili\u015fkin olarak as\u0131l \u00fcr\u00fcnleri Eviniz i\u00e7in se\u00e7mi\u015f oldu\u011funuz e\u015fsiz Goccina \u00fcr\u00fcnlerini m\u00fckemmel bir \u015fekilde tamamlayan aksesuarlar, bir ressam\u0131n tuvaline att\u0131\u011f\u0131 son f\u0131r\u00e7a darbesi gibi evlerinizle m\u00fckemmel bir uyum olu\u015fturacak. Benzersiz tarz\u0131 ile ay\u0131rt edilen ev aksesuarlar\u0131 hayat\u0131n\u0131z\u0131n al\u0131\u015fkanl\u0131klar\u0131n\u0131 ve ortamlar\u0131 zenginle\u015ftirmek ve de\u011fi\u015fen istekleri yorumlamak i\u00e7in hazineler \u00fcretmektedir.<\/p>\n<hr \/>\n<p>&nbsp;<\/p>\n\n\t\t<div id='gallery-1' class='gallery galleryid-20 gallery-columns-3 gallery-size-medium'><dl class='gallery-item'>\n\t\t\t\t\t<dt class='gallery-icon'>\n\t\t\t\t\t\t<a rel=\"prettyPhoto[gallery20]\"  href='https:\/\/goccina.com.tr\/wp-content\/uploads\/DSC_4109.jpg'><img loading=\"lazy\" decoding=\"async\" width=\"200\" height=\"300\" src=\"https:\/\/goccina.com.tr\/wp-content\/uploads\/DSC_4109-200x300.jpg\" class=\"attachment-medium size-medium\" alt=\"\" srcset=\"https:\/\/goccina.com.tr\/wp-content\/uploads\/DSC_4109-200x300.jpg 200w, https:\/\/goccina.com.tr\/wp-content\/uploads\/DSC_4109-683x1024.jpg 683w, https:\/\/goccina.com.tr\/wp-content\/uploads\/DSC_4109.jpg 734w\" sizes=\"auto, (max-width: 200px) 100vw, 200px\" \/><\/a>\n\t\t\t\t\t<\/dt><\/dl><dl class='gallery-item'>\n\t\t\t\t\t<dt class='gallery-icon'>\n\t\t\t\t\t\t<a rel=\"prettyPhoto[gallery20]\"  href='https:\/\/goccina.com.tr\/wp-content\/uploads\/DSC_4071.jpg'><img loading=\"lazy\" decoding=\"async\" width=\"300\" height=\"200\" src=\"https:\/\/goccina.com.tr\/wp-content\/uploads\/DSC_4071-300x200.jpg\" class=\"attachment-medium size-medium\" alt=\"\" srcset=\"https:\/\/goccina.com.tr\/wp-content\/uploads\/DSC_4071-300x200.jpg 300w, https:\/\/goccina.com.tr\/wp-content\/uploads\/DSC_4071-768x512.jpg 768w, https:\/\/goccina.com.tr\/wp-content\/uploads\/DSC_4071-1024x683.jpg 1024w, https:\/\/goccina.com.tr\/wp-content\/uploads\/DSC_4071.jpg 1100w\" sizes=\"auto, (max-width: 300px) 100vw, 300px\" \/><\/a>\n\t\t\t\t\t<\/dt><\/dl><dl class='gallery-item'>\n\t\t\t\t\t<dt class='gallery-icon'>\n\t\t\t\t\t\t<a rel=\"prettyPhoto[gallery20]\"  href='https:\/\/goccina.com.tr\/wp-content\/uploads\/DSC_4065.jpg'><img loading=\"lazy\" decoding=\"async\" width=\"200\" height=\"300\" src=\"https:\/\/goccina.com.tr\/wp-content\/uploads\/DSC_4065-200x300.jpg\" class=\"attachment-medium size-medium\" alt=\"\" srcset=\"https:\/\/goccina.com.tr\/wp-content\/uploads\/DSC_4065-200x300.jpg 200w, https:\/\/goccina.com.tr\/wp-content\/uploads\/DSC_4065-683x1024.jpg 683w, https:\/\/goccina.com.tr\/wp-content\/uploads\/DSC_4065.jpg 734w\" sizes=\"auto, (max-width: 200px) 100vw, 200px\" \/><\/a>\n\t\t\t\t\t<\/dt><\/dl><br style=\"clear: both\" \/><dl class='gallery-item'>\n\t\t\t\t\t<dt class='gallery-icon'>\n\t\t\t\t\t\t<a rel=\"prettyPhoto[gallery20]\"  href='https:\/\/goccina.com.tr\/wp-content\/uploads\/DSC_4061.jpg'><img loading=\"lazy\" decoding=\"async\" width=\"300\" height=\"200\" src=\"https:\/\/goccina.com.tr\/wp-content\/uploads\/DSC_4061-300x200.jpg\" class=\"attachment-medium size-medium\" alt=\"\" srcset=\"https:\/\/goccina.com.tr\/wp-content\/uploads\/DSC_4061-300x200.jpg 300w, https:\/\/goccina.com.tr\/wp-content\/uploads\/DSC_4061-768x512.jpg 768w, https:\/\/goccina.com.tr\/wp-content\/uploads\/DSC_4061-1024x683.jpg 1024w, https:\/\/goccina.com.tr\/wp-content\/uploads\/DSC_4061.jpg 1100w\" sizes=\"auto, (max-width: 300px) 100vw, 300px\" \/><\/a>\n\t\t\t\t\t<\/dt><\/dl><dl class='gallery-item'>\n\t\t\t\t\t<dt class='gallery-icon'>\n\t\t\t\t\t\t<a rel=\"prettyPhoto[gallery20]\"  href='https:\/\/goccina.com.tr\/wp-content\/uploads\/aksesuar.jpg'><img loading=\"lazy\" decoding=\"async\" width=\"300\" height=\"110\" src=\"https:\/\/goccina.com.tr\/wp-content\/uploads\/aksesuar-300x110.jpg\" class=\"attachment-medium size-medium\" alt=\"\" srcset=\"https:\/\/goccina.com.tr\/wp-content\/uploads\/aksesuar-300x110.jpg 300w, https:\/\/goccina.com.tr\/wp-content\/uploads\/aksesuar-768x281.jpg 768w, https:\/\/goccina.com.tr\/wp-content\/uploads\/aksesuar.jpg 984w\" sizes=\"auto, (max-width: 300px) 100vw, 300px\" \/><\/a>\n\t\t\t\t\t<\/dt><\/dl>\n\t\t\t\t\t<br style='clear: both;' \/>\n\t\t\t\t<\/div>\n\n","protected":false},"excerpt":{"rendered":"<p>Goccina, arzu etti\u011finiz mekana ili\u015fkin olarak as\u0131l \u00fcr\u00fcnleri Eviniz i\u00e7in se\u00e7mi\u015f oldu\u011funuz e\u015fsiz Goccina \u00fcr\u00fcnlerini m\u00fckemmel bir \u015fekilde tamamlayan aksesuarlar, bir ressam\u0131n tuvaline att\u0131\u011f\u0131 son f\u0131r\u00e7a darbesi gibi evlerinizle m\u00fckemmel bir uyum olu\u015fturacak. Benzersiz tarz\u0131 ile ay\u0131rt edilen ev aksesuarlar\u0131 hayat\u0131n\u0131z\u0131n al\u0131\u015fkanl\u0131klar\u0131n\u0131 ve ortamlar\u0131 zenginle\u015ftirmek ve de\u011fi\u015fen istekleri yorumlamak i\u00e7in hazineler \u00fcretmektedir. &nbsp;<\/p>\n","protected":false},"author":1,"featured_media":0,"parent":0,"menu_order":0,"comment_status":"closed","ping_status":"closed","template":"","meta":{"footnotes":""},"class_list":["post-20","page","type-page","status-publish","hentry"],"_links":{"self":[{"href":"https:\/\/goccina.com.tr\/index.php?rest_route=\/wp\/v2\/pages\/20","targetHints":{"allow":["GET"]}}],"collection":[{"href":"https:\/\/goccina.com.tr\/index.php?rest_route=\/wp\/v2\/pages"}],"about":[{"href":"https:\/\/goccina.com.tr\/index.php?rest_route=\/wp\/v2\/types\/page"}],"author":[{"embeddable":true,"href":"https:\/\/goccina.com.tr\/index.php?rest_route=\/wp\/v2\/users\/1"}],"replies":[{"embeddable":true,"href":"https:\/\/goccina.com.tr\/index.php?rest_route=%2Fwp%2Fv2%2Fcomments&post=20"}],"version-history":[{"count":5,"href":"https:\/\/goccina.com.tr\/index.php?rest_route=\/wp\/v2\/pages\/20\/revisions"}],"predecessor-version":[{"id":530,"href":"https:\/\/goccina.com.tr\/index.php?rest_route=\/wp\/v2\/pages\/20\/revisions\/530"}],"wp:attachment":[{"href":"https:\/\/goccina.com.tr\/index.php?rest_route=%2Fwp%2Fv2%2Fmedia&parent=20"}],"curies":[{"name":"wp","href":"https:\/\/api.w.org\/{rel}","templated":true}]}}