{"id":355,"date":"2016-04-30T16:06:50","date_gmt":"2016-04-30T13:06:50","guid":{"rendered":"http:\/\/goccina.com.tr\/?page_id=355"},"modified":"2016-05-27T15:47:57","modified_gmt":"2016-05-27T12:47:57","slug":"insan-kaynaklari","status":"publish","type":"page","link":"https:\/\/goccina.com.tr\/?page_id=355","title":{"rendered":"\u0130nsan Kaynaklar\u0131"},"content":{"rendered":"<header class=\"heading2\">\n\t\t\t\t<div class=\"left\">&nbsp;<\/div>\n\t\t\t\t\t<div class=\"center\"><h1>\u0130nsan Kaynaklar\u0131 Politikam\u0131z<\/h1>\n\t\t\t\t\t<\/div>\t\n\t\t\t\t<div class=\"right\">&nbsp;<\/div>\n\t\t\t<\/header>\n\t\t\t\n<p>&nbsp;<\/p>\n<p><strong>\u0130nsan Kaynaklar\u0131 Politikam\u0131z<\/strong><\/p>\n<p>&nbsp;<\/p>\n<p>Kar\u015f\u0131l\u0131kl\u0131 g\u00fcven ve etik de\u011ferlerin \u00f6n planda oldu\u011fu ilkelerimiz insan kaynaklar\u0131 politikam\u0131z\u0131n temelidir. Perde, d\u00f6\u015femelik kuma\u015f, mobilya, aksesuar, duvar ka\u011f\u0131d\u0131, in\u015faat, gayrimenkul ve dan\u0131\u015fmanl\u0131k gibi bir\u00e7ok alanda faaliyet g\u00f6steren \u015firketimiz, b\u00fcy\u00fcme hedefleri ve stratejileri ile insan kaynaklar\u0131 politikalar\u0131n\u0131 belirlemektedir.<\/p>\n<p>&nbsp;<\/p>\n<p>2006 y\u0131l\u0131ndan bu yana, m\u00fc\u015fteri portf\u00f6y\u00fcm\u00fcz\u00fc 7 kat artt\u0131rarak g\u00fcven ve kalitemizi ta\u00e7land\u0131ran \u015firketimiz, \u00e7al\u0131\u015fanlar\u0131n\u0131n motivasyonunu ve ba\u011fl\u0131l\u0131\u011f\u0131n\u0131 artt\u0131racak bir ortam yaratmak, \u00e7al\u0131\u015fanlar\u0131n geli\u015fimine yat\u0131r\u0131m yapmak, bu ortam\u0131n korunup geli\u015ftirilmesi i\u00e7in gerekli politikalar\u0131 ve teknik bilgiyi olu\u015fturarak nitelikli eleman yeti\u015ftirmektedir.<\/p>\n<p>&nbsp;<\/p>\n<p><strong>Kariyer ve \u0130\u015f Olanaklar\u0131<\/strong><\/p>\n<p>&nbsp;<\/p>\n<p>Web sitemizin ileti\u015fim b\u00f6l\u00fcm\u00fcnden bizlere telefon veya mail yoluyla ula\u015fabilir, firmam\u0131z hakk\u0131nda bilgi alabilir, merkezimize gelerek CV\u2019nizi b\u0131rakabilirsiniz. <a href=\"mailto:info@goccina.com.tr\">info@goccina.com.tr<\/a> adresine Word format\u0131ndaki CV\u2019leriniz ile ba\u015fvuruda bulunurken, ilgilendi\u011finiz pozisyon hakk\u0131nda bilgilendirmeyi unutmay\u0131n\u0131z.<\/p>\n<p>&nbsp;<\/p>\n<p><strong>Ba\u015fvuru ve \u0130\u015fe Al\u0131m S\u00fcreci<\/strong><\/p>\n<p>&nbsp;<\/p>\n<p>CV\/\u00d6zge\u00e7mi\u015finizin bize ula\u015fmas\u0131 ile birlikte ba\u015fvuru s\u00fcreciniz ba\u015flam\u0131\u015f olacakt\u0131r. \u0130lk olarak bilgi ve deneyimleriniz de\u011ferlendirilmekte ve varsa aranan pozisyonlar\u0131m\u0131zla e\u015fle\u015ftirilmektedir.<\/p>\n<p>&nbsp;<\/p>\n<p>CV\/\u00d6zge\u00e7mi\u015finizde verdi\u011finiz bilgiler ve deneyimleriniz do\u011frultusunda aranan pozisyonlar i\u00e7in uygun oldu\u011funuz saptand\u0131\u011f\u0131nda, sizinle temasa ge\u00e7ilerek i\u015f g\u00f6r\u00fc\u015fmesine davet edilirsiniz.<\/p>\n<p>&nbsp;<\/p>\n<p>A\u00e7\u0131k pozisyonlarla e\u015fle\u015fmeyen \u00d6zge\u00e7mi\u015fler veri taban\u0131m\u0131zda saklanmakta, uygun pozisyon olu\u015fmas\u0131 halinde adaylarla irtibata ge\u00e7ilmektedir.<\/p>\n<p>&nbsp;<\/p>\n<p><strong>\u0130lginiz i\u00e7in te\u015fekk\u00fcr ederiz.<\/strong><\/p>\n<p>&nbsp;<\/p>\n","protected":false},"excerpt":{"rendered":"<p>&nbsp; \u0130nsan Kaynaklar\u0131 Politikam\u0131z &nbsp; Kar\u015f\u0131l\u0131kl\u0131 g\u00fcven ve etik de\u011ferlerin \u00f6n planda oldu\u011fu ilkelerimiz insan kaynaklar\u0131 politikam\u0131z\u0131n temelidir. Perde, d\u00f6\u015femelik kuma\u015f, mobilya, aksesuar, duvar ka\u011f\u0131d\u0131, in\u015faat, gayrimenkul ve dan\u0131\u015fmanl\u0131k gibi bir\u00e7ok alanda faaliyet g\u00f6steren \u015firketimiz, b\u00fcy\u00fcme hedefleri ve stratejileri ile insan kaynaklar\u0131 politikalar\u0131n\u0131 belirlemektedir. &nbsp; 2006 y\u0131l\u0131ndan bu yana, m\u00fc\u015fteri portf\u00f6y\u00fcm\u00fcz\u00fc 7 kat artt\u0131rarak g\u00fcven [&hellip;]<\/p>\n","protected":false},"author":1,"featured_media":0,"parent":0,"menu_order":0,"comment_status":"closed","ping_status":"closed","template":"","meta":{"footnotes":""},"class_list":["post-355","page","type-page","status-publish","hentry"],"_links":{"self":[{"href":"https:\/\/goccina.com.tr\/index.php?rest_route=\/wp\/v2\/pages\/355","targetHints":{"allow":["GET"]}}],"collection":[{"href":"https:\/\/goccina.com.tr\/index.php?rest_route=\/wp\/v2\/pages"}],"about":[{"href":"https:\/\/goccina.com.tr\/index.php?rest_route=\/wp\/v2\/types\/page"}],"author":[{"embeddable":true,"href":"https:\/\/goccina.com.tr\/index.php?rest_route=\/wp\/v2\/users\/1"}],"replies":[{"embeddable":true,"href":"https:\/\/goccina.com.tr\/index.php?rest_route=%2Fwp%2Fv2%2Fcomments&post=355"}],"version-history":[{"count":4,"href":"https:\/\/goccina.com.tr\/index.php?rest_route=\/wp\/v2\/pages\/355\/revisions"}],"predecessor-version":[{"id":505,"href":"https:\/\/goccina.com.tr\/index.php?rest_route=\/wp\/v2\/pages\/355\/revisions\/505"}],"wp:attachment":[{"href":"https:\/\/goccina.com.tr\/index.php?rest_route=%2Fwp%2Fv2%2Fmedia&parent=355"}],"curies":[{"name":"wp","href":"https:\/\/api.w.org\/{rel}","templated":true}]}}